{"id":17,"date":"2025-10-16T18:54:54","date_gmt":"2025-10-16T16:54:54","guid":{"rendered":"https:\/\/queganasdepintarcon.cebra.com.ve\/?page_id=17"},"modified":"2025-10-28T05:47:37","modified_gmt":"2025-10-28T04:47:37","slug":"inicio","status":"publish","type":"page","link":"http:\/\/queganasdepintarcon.cebra.com.ve\/","title":{"rendered":"Inicio"},"content":{"rendered":"<div class=\"wpb-content-wrapper\"><p>[vc_row full_width=\u00bbstretch_row\u00bb css=\u00bb.vc_custom_1693569198915{margin-top: -45px !important;margin-bottom: 0px !important;background-position: center !important;background-repeat: no-repeat !important;background-size: cover !important;}\u00bb][vc_column]\n\t\t\t\t<p class=\"rs-p-wp-fix\"><\/p>\n\t\t\t\t<sr7-module data-alias=\"slider-cebra-concurso\" data-id=\"2\" id=\"SR7_2_1\" class=\"rs-ov-hidden\" data-version=\"6.7.38\">\n\t\t\t\t\t<sr7-adjuster><\/sr7-adjuster>\n\t\t\t\t\t<sr7-content>\n\t\t\t\t\t\t<sr7-slide id=\"SR7_2_1-3\" data-key=\"3\">\n\t\t\t\t\t\t<\/sr7-slide>\n\t\t\t\t\t\t<sr7-slide id=\"SR7_2_1-4\" data-key=\"4\">\n\t\t\t\t\t\t<\/sr7-slide>\n\t\t\t\t\t<\/sr7-content>\n\t\t\t\t\t<image_lists style=\"display:none\">\n\t\t\t\t\t\t<img data-src=\"\/\/queganasdepintarcon.cebra.com.ve\/wp-content\/uploads\/2025\/10\/bck-slider-ok.jpg\" data-libid=\"89\" data-lib=\"medialibrary\" title=\"bck-slider-ok\" width=\"0\" height=\"0\" data-dbsrc=\"Ly9xdWVnYW5hc2RlcGludGFyY29uLmNlYnJhLmNvbS52ZS93cC1jb250ZW50L3VwbG9hZHMvMjAyNS8xMC9iY2stc2xpZGVyLW9rLmpwZw==\"\/>\n\t\t\t\t\t\t<img data-src=\"\/\/queganasdepintarcon.cebra.com.ve\/wp-content\/uploads\/2025\/10\/queganas.png\" data-libid=\"84\" data-lib=\"medialibrary\" title=\"queganas\" width=\"0\" height=\"0\" data-dbsrc=\"Ly9xdWVnYW5hc2RlcGludGFyY29uLmNlYnJhLmNvbS52ZS93cC1jb250ZW50L3VwbG9hZHMvMjAyNS8xMC9xdWVnYW5hcy5wbmc=\"\/>\n\t\t\t\t\t\t<img data-src=\"\/\/queganasdepintarcon.cebra.com.ve\/wp-content\/uploads\/2025\/10\/depintar.png\" data-libid=\"85\" data-lib=\"medialibrary\" title=\"depintar\" width=\"0\" height=\"0\" data-dbsrc=\"Ly9xdWVnYW5hc2RlcGludGFyY29uLmNlYnJhLmNvbS52ZS93cC1jb250ZW50L3VwbG9hZHMvMjAyNS8xMC9kZXBpbnRhci5wbmc=\"\/>\n\t\t\t\t\t\t<img data-src=\"\/\/queganasdepintarcon.cebra.com.ve\/wp-content\/uploads\/2025\/10\/dommies.png\" data-libid=\"86\" data-lib=\"medialibrary\" title=\"dommies\" width=\"0\" height=\"0\" data-dbsrc=\"Ly9xdWVnYW5hc2RlcGludGFyY29uLmNlYnJhLmNvbS52ZS93cC1jb250ZW50L3VwbG9hZHMvMjAyNS8xMC9kb21taWVzLnBuZw==\"\/>\n\t\t\t\t\t\t<img data-src=\"\/\/queganasdepintarcon.cebra.com.ve\/wp-content\/uploads\/2025\/10\/logo.png\" data-libid=\"87\" data-lib=\"medialibrary\" title=\"logo\" width=\"0\" height=\"0\" data-dbsrc=\"Ly9xdWVnYW5hc2RlcGludGFyY29uLmNlYnJhLmNvbS52ZS93cC1jb250ZW50L3VwbG9hZHMvMjAyNS8xMC9sb2dvLnBuZw==\"\/>\n\t\t\t\t\t<\/image_lists>\n\t\t\t\t<\/sr7-module>\n\t\t\t\t<script>\n\t\t\t\t\tSR7.PMH ??={}; SR7.PMH[\"SR7_2_1\"] = {cn:100,state:false,fn: function() { if (_tpt!==undefined && _tpt.prepareModuleHeight !== undefined) {  _tpt.prepareModuleHeight({id:\"SR7_2_1\",el:[600,600,550,600,499.987],type:'standard',shdw:'0',gh:[600,600,550,600,500],gw:[1200,1200,1024,778,480],vpt:['-100px&#039;,&#039;-100px&#039;,&#039;-100px&#039;,&#039;-100px&#039;,&#039;-100px'],size:{fullWidth:true, fullHeight:false},mh:'0',onh:0,onw:0,bg:{color:'{\"type\":\"solid\",\"orig\":\"#e3e3e3\",\"string\":\"rgba(227, 227, 227, 1)\"}'},plType:'4',plColor:'#FFFFFF'});   SR7.PMH[\"SR7_2_1\"].state=true;} else if(SR7.PMH[\"SR7_2_1\"].cn-->0)\tsetTimeout( SR7.PMH[\"SR7_2_1\"].fn,19);}};SR7.PMH[\"SR7_2_1\" ].fn();\n\t\t\t\t<\/script>\n[\/vc_column][\/vc_row][vc_row css=\u00bb.vc_custom_1693229943067{margin-bottom: 4vh !important;}\u00bb][vc_column css=\u00bb.vc_custom_1693230080582{margin-top: -40px !important;padding-right: 50px !important;padding-left: 50px !important;background-color: #ffffff !important;}\u00bb el_class=\u00bbz-index-h\u00bb][vc_custom_heading text=\u00bb\u00a1Qu\u00e9 Ganas de Pintar con Cebra!\u00bb font_container=\u00bbtag:h2|font_size:35px|text_align:center\u00bb google_fonts=\u00bbfont_family:Karla%3Aregular%2Citalic%2C700%2C700italic|font_style:700%20bold%20regular%3A700%3Anormal\u00bb css=\u00bb\u00bb][vc_custom_heading text=\u00bbCompleta el siguiente formulario con todos los datos requeridos y ya estar\u00e1s participando.\u00bb font_container=\u00bbtag:h4|font_size:15px|text_align:center\u00bb google_fonts=\u00bbfont_family:Karla%3Aregular%2Citalic%2C700%2C700italic|font_style:400%20regular%3A400%3Anormal\u00bb][vc_custom_heading text=\u00bbGracias por preferir los productos Cebra.\u00bb font_container=\u00bbtag:h4|font_size:18px|text_align:center\u00bb google_fonts=\u00bbfont_family:Karla%3Aregular%2Citalic%2C700%2C700italic|font_style:700%20bold%20regular%3A700%3Anormal\u00bb css=\u00bb\u00bb][\/vc_column][\/vc_row][vc_row css=\u00bb.vc_custom_1693229943067{margin-bottom: 4vh !important;}\u00bb][vc_column width=\u00bb1\/2&#8243; css=\u00bb.vc_custom_1695748529796{margin-top: -40px !important;padding-right: 50px !important;padding-left: 50px !important;}\u00bb el_class=\u00bbz-index-h\u00bb][vc_empty_space height=\u00bb90px\u00bb]\n<div class=\"wpcf7 no-js\" id=\"wpcf7-f69-o1\" lang=\"es-ES\" dir=\"ltr\" data-wpcf7-id=\"69\">\n<div class=\"screen-reader-response\"><p role=\"status\" aria-live=\"polite\" aria-atomic=\"true\"><\/p> <ul><\/ul><\/div>\n<form action=\"\/index.php\/wp-json\/wp\/v2\/pages\/17#wpcf7-f69-o1\" method=\"post\" class=\"wpcf7-form init\" aria-label=\"Formulario de contacto\" novalidate=\"novalidate\" data-status=\"init\">\n<fieldset class=\"hidden-fields-container\"><input type=\"hidden\" name=\"_wpcf7\" value=\"69\" \/><input type=\"hidden\" name=\"_wpcf7_version\" value=\"6.1.3\" \/><input type=\"hidden\" name=\"_wpcf7_locale\" value=\"es_ES\" \/><input type=\"hidden\" name=\"_wpcf7_unit_tag\" value=\"wpcf7-f69-o1\" \/><input type=\"hidden\" name=\"_wpcf7_container_post\" value=\"0\" \/><input type=\"hidden\" name=\"_wpcf7_posted_data_hash\" value=\"\" \/>\n<\/fieldset>\n<div class=\"row\">\n\t<p style=\"margin-bottom: 27px;\"><label>Nombre y Apellido o Raz\u00f3n Social (requerido)<\/label><span class=\"wpcf7-form-control-wrap\" data-name=\"your-name\"><input size=\"40\" maxlength=\"400\" class=\"wpcf7-form-control wpcf7-text wpcf7-validates-as-required\" aria-required=\"true\" aria-invalid=\"false\" value=\"\" type=\"text\" name=\"your-name\" \/><\/span>\n\t<\/p>\n\t<p style=\"margin-bottom: 27px;\"><label>C.I. o RIF (requerido)<\/label><span class=\"wpcf7-form-control-wrap\" data-name=\"cedula\"><input size=\"40\" maxlength=\"400\" class=\"wpcf7-form-control wpcf7-text wpcf7-validates-as-required\" aria-required=\"true\" aria-invalid=\"false\" value=\"\" type=\"text\" name=\"cedula\" \/><\/span>\n\t<\/p>\n\t<p style=\"margin-bottom: 27px;\"><label>Email (requerido)<\/label><span class=\"wpcf7-form-control-wrap\" data-name=\"your-email\"><input size=\"40\" maxlength=\"400\" class=\"wpcf7-form-control wpcf7-email wpcf7-validates-as-required wpcf7-text wpcf7-validates-as-email\" aria-required=\"true\" aria-invalid=\"false\" value=\"\" type=\"email\" name=\"your-email\" \/><\/span>\n\t<\/p>\n\t<p style=\"margin-bottom: 27px;\"><label>Tel\u00e9fono de contacto<\/label><span class=\"wpcf7-form-control-wrap\" data-name=\"telf\"><input size=\"40\" maxlength=\"400\" class=\"wpcf7-form-control wpcf7-tel wpcf7-validates-as-required wpcf7-text wpcf7-validates-as-tel\" aria-required=\"true\" aria-invalid=\"false\" value=\"\" type=\"tel\" name=\"telf\" \/><\/span>\n\t<\/p>\n\t<p><span class=\"wpcf7-form-control-wrap\" data-name=\"acceptance-666\"><span class=\"wpcf7-form-control wpcf7-acceptance\"><span class=\"wpcf7-list-item\"><label><input type=\"checkbox\" name=\"acceptance-666\" value=\"1\" aria-invalid=\"false\" \/><span class=\"wpcf7-list-item-label\">Acepto las condiciones de participaci\u00f3n en el concurso<\/span><\/label><\/span><\/span><\/span>\n\t<\/p>\n\t<p><input class=\"wpcf7-form-control wpcf7-submit has-spinner btn btn-color-primary\" type=\"submit\" value=\"PARTICIPAR\" \/>\n\t<\/p>\n<\/div><div class=\"wpcf7-response-output\" aria-hidden=\"true\"><\/div>\n<\/form>\n<\/div>\n[\/vc_column][vc_column width=\u00bb1\/2&#8243;][vc_custom_heading text=\u00bbNORMAS DEL CONCURSO\u00bb font_container=\u00bbtag:h2|font_size:30px|text_align:left\u00bb google_fonts=\u00bbfont_family:Karla%3Aregular%2Citalic%2C700%2C700italic|font_style:700%20bold%20regular%3A700%3Anormal\u00bb][vc_column_text css=\u00bb.vc_custom_1761626357107{margin-bottom: 15px !important;}\u00bb]<\/p>\n<ul>\n<li><strong>Elegibilidad:<\/strong> toda persona natural que complete los datos en la presente p\u00e1gina. Ser\u00e1n 5 ganadores, con sorteos cada 15 d\u00edas (15\/Nov, 30\/Nov, 15\/Dic, 15\/Ene, 30\/Ene)<\/li>\n<\/ul>\n<p>[\/vc_column_text][vc_column_text css=\u00bb.vc_custom_1760641081444{margin-bottom: 15px !important;}\u00bb]<\/p>\n<ul>\n<li><strong>Sorteo:<\/strong>\u00a0se llevar\u00e1 a cabo los d\u00edas anteriormente fijados y ser\u00e1 publicado en el Instagram @pinturascebra. <strong>El cliente debe retirar en el Centro Clover, Caracas, el premio a recibir<\/strong>.<\/li>\n<\/ul>\n<p>[\/vc_column_text][vc_column_text css=\u00bb.vc_custom_1761626285467{margin-bottom: 15px !important;}\u00bb]<\/p>\n<ul>\n<li><strong>Premios:<\/strong> un cu\u00f1ete color blanco clase C, un gal\u00f3n color blanco ostra clase C, un gal\u00f3n de gris clase C, un kit superior Cebra, un thinner multiuso y un cuarto de gal\u00f3n de esmalte color blanco <strong>para cada ganador<\/strong>.<\/li>\n<\/ul>\n<p>[\/vc_column_text][vc_column_text css=\u00bb.vc_custom_1694196380501{margin-bottom: 15px !important;}\u00bb]<\/p>\n<ul>\n<li><strong>Concesi\u00f3n de Publicidad:<\/strong> a los ganadores se les tomar\u00e1 una fotograf\u00eda al recibir los premios y estos deber\u00e1n firmar la aprobaci\u00f3n del uso de su imagen en redes sociales.<\/li>\n<\/ul>\n<p>[\/vc_column_text][vc_column_text css=\u00bb.vc_custom_1760641302863{margin-bottom: 15px !important;}\u00bb]<\/p>\n<ul>\n<li><strong>Lista de ganadores:<\/strong> ser\u00e1 publicada en el Instagram @pinturascebra y se contactar\u00e1 a cada ganador v\u00eda telef\u00f3nica.<\/li>\n<\/ul>\n<p>[\/vc_column_text][vc_column_text css=\u00bb.vc_custom_1694196395578{margin-bottom: 15px !important;}\u00bb]<\/p>\n<ul>\n<li><strong>Pol\u00edtica de privacidad:<\/strong> Los datos personales suministrados por los participantes no ser\u00e1n publicados.<\/li>\n<\/ul>\n<p>[\/vc_column_text][vc_column_text css=\u00bb.vc_custom_1761626390853{margin-bottom: 15px !important;}\u00bb]<\/p>\n<ul>\n<li><strong>Vigencia:<\/strong> la vigencia es desde el 01\/11\/2025 al 29\/01\/2026. Promoci\u00f3n v\u00e1lida solamente para la Distrito Capital.<\/li>\n<\/ul>\n<p>[\/vc_column_text][vc_column_text css=\u00bb\u00bb]<\/p>\n<ul>\n<li><strong>Regulaci\u00f3n:<\/strong> Promoci\u00f3n autorizada por la Sundde SUNDDE\/ICGPJ\/PROMOCI\u00d3N\/02068\/2025<\/li>\n<\/ul>\n<p>[\/vc_column_text][\/vc_column][\/vc_row]<\/p>\n<\/div>","protected":false},"excerpt":{"rendered":"<p>[vc_row full_width=\u00bbstretch_row\u00bb css=\u00bb.vc_custom_1693569198915{margin-top: -45px !important;margin-bottom: 0px !important;background-position: center !important;background-repeat: no-repeat !important;background-size: cover !important;}\u00bb][vc_column][\/vc_column][\/vc_row][vc_row css=\u00bb.vc_custom_1693229943067{margin-bottom: 4vh !important;}\u00bb][vc_column css=\u00bb.vc_custom_1693230080582{margin-top: -40px !important;padding-right: 50px<\/p>\n","protected":false},"author":1,"featured_media":0,"parent":0,"menu_order":0,"comment_status":"closed","ping_status":"closed","template":"","meta":{"footnotes":""},"class_list":["post-17","page","type-page","status-publish","hentry"],"_links":{"self":[{"href":"http:\/\/queganasdepintarcon.cebra.com.ve\/index.php\/wp-json\/wp\/v2\/pages\/17","targetHints":{"allow":["GET"]}}],"collection":[{"href":"http:\/\/queganasdepintarcon.cebra.com.ve\/index.php\/wp-json\/wp\/v2\/pages"}],"about":[{"href":"http:\/\/queganasdepintarcon.cebra.com.ve\/index.php\/wp-json\/wp\/v2\/types\/page"}],"author":[{"embeddable":true,"href":"http:\/\/queganasdepintarcon.cebra.com.ve\/index.php\/wp-json\/wp\/v2\/users\/1"}],"replies":[{"embeddable":true,"href":"http:\/\/queganasdepintarcon.cebra.com.ve\/index.php\/wp-json\/wp\/v2\/comments?post=17"}],"version-history":[{"count":10,"href":"http:\/\/queganasdepintarcon.cebra.com.ve\/index.php\/wp-json\/wp\/v2\/pages\/17\/revisions"}],"predecessor-version":[{"id":91,"href":"http:\/\/queganasdepintarcon.cebra.com.ve\/index.php\/wp-json\/wp\/v2\/pages\/17\/revisions\/91"}],"wp:attachment":[{"href":"http:\/\/queganasdepintarcon.cebra.com.ve\/index.php\/wp-json\/wp\/v2\/media?parent=17"}],"curies":[{"name":"wp","href":"https:\/\/api.w.org\/{rel}","templated":true}]}}